{"id":466,"date":"2024-06-27T11:25:15","date_gmt":"2024-06-27T11:25:15","guid":{"rendered":"https:\/\/infragate.ee\/?page_id=466"},"modified":"2024-09-03T12:31:22","modified_gmt":"2024-09-03T12:31:22","slug":"iso-90012015-and-iso-140012015","status":"publish","type":"page","link":"https:\/\/www.infragate.ee\/en\/iso-90012015-ja-iso-140012015\/","title":{"rendered":"ISO 9001:2015 and ISO 14001:2015"},"content":{"rendered":"<section class=\"bde-section-466-100 bde-section\">\n  \n  \n\t\n\n\n\n<div class=\"section-container\"><div class=\"bde-columns-466-101 bde-columns\"><div class=\"bde-column-466-102 bde-column\">\n  \n  \n\t\n\n\n\n<h2 class=\"bde-heading-466-104 bde-heading\">\nThe integrated management system of AS Infragate Eesti covers design of buildings and infrastructure, consultation and owner supervision of construction.\n<\/h2><div class=\"bde-rich-text-466-105 bde-rich-text breakdance-rich-text-styles\">\n<p>The integrated management system has been established, documented, implemented and kept functional in accordance with the requirements of the standards EVS-EN ISO 9001:2015 and EVS-EN ISO 14001:2015.<\/p>\n<\/div><div class=\"bde-rich-text-466-106 bde-rich-text breakdance-rich-text-styles\">\n<p>AS Infragate Eesti manages the following permits, licenses and registrations within its scope:<\/p><ol><li>registrations in the Register of Economic Activities<\/li><li>licensed software used in the IT industry<\/li><li>registrations established for vehicles<\/li><\/ol>\n<\/div>\n<\/div><\/div><\/div>\n<\/section><section class=\"bde-section-466-108 bde-section\">\n  \n  \n\t\n\n\n\n<div class=\"section-container\"><div class=\"bde-columns-466-109 bde-columns\"><div class=\"bde-column-466-110 bde-column\">\n  \n  \n\t\n\n\n\n<h2 class=\"bde-heading-466-111 bde-heading\">\nQuality policy of AS Infragate Eesti\n<\/h2><div class=\"bde-rich-text-466-112 bde-rich-text breakdance-rich-text-styles\">\n<p>AS Infragate Eesti offers comprehensive consulting and engineering services in the fields of general construction, environment, and infrastructure. The organization considers flexibility to be the basis of successful operation, it is the creation of opportunities to fulfill contracting entities' wishes to the maximum, which is possible by following the main quality priorities below.<\/p>\n<\/div><div class=\"bde-rich-text-466-113 bde-rich-text breakdance-rich-text-styles\">\n<p>The main quality strategic priorities of AS Infragate Eesti are listed below:<\/p><ol><li>customer focus<\/li><li>ensuring the efficiency of the organization's internal performance<\/li><li>innovativeness<\/li><li>further development of infrastructure<\/li><li>raising the professional level of the organization's employees<\/li><li>mitigating business risks<\/li><li>expansion of operations<\/li><\/ol>\n<\/div><div class=\"bde-rich-text-466-114 bde-rich-text breakdance-rich-text-styles\">\n<p>In order to implement the above core positions, the above mentioned points of view are specified in Appendix No. 5 of the manual of the organization's integrated management system, and the quality plan drawn up to fulfill the quality objectives is presented in Appendix No. 6.<\/p><p>The policy, goals and plan are constantly monitored during management reviews and corrected\/changed if necessary.<\/p>\n<\/div>\n<\/div><\/div><\/div>\n<\/section><section class=\"bde-section-466-115 bde-section\">\n  \n  \n\t\n\n\n\n<div class=\"section-container\"><div class=\"bde-columns-466-116 bde-columns\"><div class=\"bde-column-466-117 bde-column\">\n  \n  \n\t\n\n\n\n<h2 class=\"bde-heading-466-118 bde-heading\">\nEnvironmental policy of AS Infragate Eesti\n<\/h2><div class=\"bde-rich-text-466-119 bde-rich-text breakdance-rich-text-styles\">\n<p>In order to minimize the environmental impact resulting from the activities of AS Infragate Eesti, which provides consulting and engineering services in the field of environment and infrastructure, we undertake to optimize the use of resources and to reduce and prevent possible environmental pollution caused by our activities. We accept the obligation to protect the environment, including avoiding pollution, and to be in compliance with other specific obligations arising from the context of AS Infragate Eesti, including the compliance obligation.<\/p>\n<\/div><div class=\"bde-rich-text-466-122 bde-rich-text breakdance-rich-text-styles\">\n<p>The aforementioned is implemented through the following established strategic directions:<\/p><ol><li>We optimize resource use.<\/li><li>We optimize waste management.<\/li><li>We implement new technologies that help fulfill the above priorities.<\/li><li>Our environmental management system strives to be a benchmark for our customers and partners, from whom we expect the same level of response.<\/li><li>The success of the performance of our environmental management system depends on the appropriate contribution of all our employees.<\/li><\/ol><p>In order to implement the above core positions, measurable environmental objectives are given in Appendix No. 7 of the manual of the organization's integrated management system, and in Appendix No. 8 an environmental plan has been drawn up to fulfill the environmental objectives.<\/p><p>The policy, goals and plan are constantly monitored during management reviews and corrected\/changed if necessary.<\/p>\n<\/div><div class=\"bde-rich-text-466-120 bde-rich-text breakdance-rich-text-styles\">\n<p>AS Infragate Eesti manages the following permits, licenses and registrations within its scope:<\/p><ol><li>registrations in the Register of Economic Activities<\/li><li>licensed software used in the IT industry<\/li><li>registrations established for vehicles<\/li><\/ol>\n<\/div>\n<\/div><\/div><\/div>\n<\/section><section class=\"bde-section-466-123 bde-section\">\n  \n  \n\t\n\n\n\n<div class=\"section-container\"><div class=\"bde-columns-466-124 bde-columns\"><div class=\"bde-column-466-125 bde-column\">\n  \n  \n\t\n\n\n\n<div class=\"bde-rich-text-466-127 bde-rich-text breakdance-rich-text-styles\">\n<p>AS Infragate Eesti has undertaken to fulfill the requirements applicable to it and to continuously improve the performance of the integrated management system.<\/p><p>This quality and environmental policy and the resulting objectives have been introduced to all members of the organization and are available to interested parties if necessary. All of our subcontractors will be notified of our policies on an individual basis.<\/p>\n<\/div><div class=\"bde-button-466-130 bde-button\">\n        \n    \n    \n    \n    \n            \n                    \n            \n            \n\n    \n    \n    \n    \n    \n    <a class=\"breakdance-link button-atom button-atom--primary bde-button__button\" href=\"https:\/\/www.infragate.ee\/wp-content\/uploads\/2024\/06\/ISO_2023-2026_EE_jpg.jpg\" target=\"_blank\" data-type=\"url\"  >\n\n    \n        <span class=\"button-atom__text\">view the certificate here <\/span>\n\n        \n        \n                <\/a>\n\n    \n\n\n<\/div>\n<\/div><\/div><\/div>\n<\/section>","protected":false},"excerpt":{"rendered":"<p>AS Infragate Eesti integreeritud juhtimiss\u00fcsteemi k\u00e4sitlusala on hoonete ja infrastruktuuri projekteerimine, konsultatsioon ning ehituse omanikuj\u00e4relevalve. Integreeritud juhtimiss\u00fcsteem on sisse seatud, dokumenteeritud, ellu viidud ja toimivana hoitud vastavuses standardite EVS-EN ISO 9001:2015 ning EVS-EN ISO 14001:2015 n\u00f5uetega. AS Infragate Eesti ohjab oma k\u00e4sitlusala piires j\u00e4rgmisi lubasid, litsentse ja registreeringuid:registreeringud majandustegevuse registrisIT valdkonnas kasutatav litsenseeritud tarkvaraliiklusvahenditele kehtestatud [&hellip;]<\/p>\n","protected":false},"author":2,"featured_media":0,"parent":0,"menu_order":0,"comment_status":"closed","ping_status":"closed","template":"","meta":{"_acf_changed":false,"_breakdance_hide_in_design_set":false,"_breakdance_tags":"","footnotes":""},"class_list":["post-466","page","type-page","status-publish","hentry"],"acf":[],"yoast_head":"<!-- This site is optimized with the Yoast SEO plugin v27.4 - https:\/\/yoast.com\/product\/yoast-seo-wordpress\/ -->\n<title>ISO 9001:2015 ja ISO 14001:2015 - AS Infragate Eesti<\/title>\n<meta name=\"robots\" content=\"index, follow, max-snippet:-1, max-image-preview:large, max-video-preview:-1\" \/>\n<link rel=\"canonical\" href=\"https:\/\/www.infragate.ee\/en\/iso-90012015-and-iso-140012015\/\" \/>\n<meta property=\"og:locale\" content=\"en_US\" \/>\n<meta property=\"og:type\" content=\"article\" \/>\n<meta property=\"og:title\" content=\"ISO 9001:2015 ja ISO 14001:2015 - AS Infragate Eesti\" \/>\n<meta property=\"og:description\" content=\"AS Infragate Eesti integreeritud juhtimiss\u00fcsteemi k\u00e4sitlusala on hoonete ja infrastruktuuri projekteerimine, konsultatsioon ning ehituse omanikuj\u00e4relevalve. Integreeritud juhtimiss\u00fcsteem on sisse seatud, dokumenteeritud, ellu viidud ja toimivana hoitud vastavuses standardite EVS-EN ISO 9001:2015 ning EVS-EN ISO 14001:2015 n\u00f5uetega. AS Infragate Eesti ohjab oma k\u00e4sitlusala piires j\u00e4rgmisi lubasid, litsentse ja registreeringuid:registreeringud majandustegevuse registrisIT valdkonnas kasutatav litsenseeritud tarkvaraliiklusvahenditele kehtestatud [&hellip;]\" \/>\n<meta property=\"og:url\" content=\"https:\/\/www.infragate.ee\/en\/iso-90012015-and-iso-140012015\/\" \/>\n<meta property=\"og:site_name\" content=\"AS Infragate Eesti\" \/>\n<meta property=\"article:modified_time\" content=\"2024-09-03T12:31:22+00:00\" \/>\n<meta name=\"twitter:card\" content=\"summary_large_image\" \/>\n<script type=\"application\/ld+json\" class=\"yoast-schema-graph\">{\"@context\":\"https:\\\/\\\/schema.org\",\"@graph\":[{\"@type\":\"WebPage\",\"@id\":\"https:\\\/\\\/www.infragate.ee\\\/iso-90012015-ja-iso-140012015\\\/\",\"url\":\"https:\\\/\\\/www.infragate.ee\\\/iso-90012015-ja-iso-140012015\\\/\",\"name\":\"ISO 9001:2015 ja ISO 14001:2015 - AS Infragate Eesti\",\"isPartOf\":{\"@id\":\"https:\\\/\\\/www.infragate.ee\\\/en\\\/#website\"},\"datePublished\":\"2024-06-27T11:25:15+00:00\",\"dateModified\":\"2024-09-03T12:31:22+00:00\",\"breadcrumb\":{\"@id\":\"https:\\\/\\\/www.infragate.ee\\\/iso-90012015-ja-iso-140012015\\\/#breadcrumb\"},\"inLanguage\":\"en-US\",\"potentialAction\":[{\"@type\":\"ReadAction\",\"target\":[\"https:\\\/\\\/www.infragate.ee\\\/iso-90012015-ja-iso-140012015\\\/\"]}]},{\"@type\":\"BreadcrumbList\",\"@id\":\"https:\\\/\\\/www.infragate.ee\\\/iso-90012015-ja-iso-140012015\\\/#breadcrumb\",\"itemListElement\":[{\"@type\":\"ListItem\",\"position\":1,\"name\":\"Avaleht\",\"item\":\"https:\\\/\\\/www.infragate.ee\\\/\"},{\"@type\":\"ListItem\",\"position\":2,\"name\":\"ISO 9001:2015 ja ISO 14001:2015\"}]},{\"@type\":\"WebSite\",\"@id\":\"https:\\\/\\\/www.infragate.ee\\\/en\\\/#website\",\"url\":\"https:\\\/\\\/www.infragate.ee\\\/en\\\/\",\"name\":\"AS Infragate Eesti\",\"description\":\"Terviklik konsultatsiooni- ja inseneriteenus\",\"potentialAction\":[{\"@type\":\"SearchAction\",\"target\":{\"@type\":\"EntryPoint\",\"urlTemplate\":\"https:\\\/\\\/www.infragate.ee\\\/en\\\/?s={search_term_string}\"},\"query-input\":{\"@type\":\"PropertyValueSpecification\",\"valueRequired\":true,\"valueName\":\"search_term_string\"}}],\"inLanguage\":\"en-US\"}]}<\/script>\n<!-- \/ Yoast SEO plugin. -->","yoast_head_json":{"title":"ISO 9001:2015 and ISO 14001:2015 - AS Infragate Estonia","robots":{"index":"index","follow":"follow","max-snippet":"max-snippet:-1","max-image-preview":"max-image-preview:large","max-video-preview":"max-video-preview:-1"},"canonical":"https:\/\/www.infragate.ee\/en\/iso-90012015-and-iso-140012015\/","og_locale":"en_US","og_type":"article","og_title":"ISO 9001:2015 ja ISO 14001:2015 - AS Infragate Eesti","og_description":"AS Infragate Eesti integreeritud juhtimiss\u00fcsteemi k\u00e4sitlusala on hoonete ja infrastruktuuri projekteerimine, konsultatsioon ning ehituse omanikuj\u00e4relevalve. Integreeritud juhtimiss\u00fcsteem on sisse seatud, dokumenteeritud, ellu viidud ja toimivana hoitud vastavuses standardite EVS-EN ISO 9001:2015 ning EVS-EN ISO 14001:2015 n\u00f5uetega. AS Infragate Eesti ohjab oma k\u00e4sitlusala piires j\u00e4rgmisi lubasid, litsentse ja registreeringuid:registreeringud majandustegevuse registrisIT valdkonnas kasutatav litsenseeritud tarkvaraliiklusvahenditele kehtestatud [&hellip;]","og_url":"https:\/\/www.infragate.ee\/en\/iso-90012015-and-iso-140012015\/","og_site_name":"AS Infragate Eesti","article_modified_time":"2024-09-03T12:31:22+00:00","twitter_card":"summary_large_image","schema":{"@context":"https:\/\/schema.org","@graph":[{"@type":"WebPage","@id":"https:\/\/www.infragate.ee\/iso-90012015-ja-iso-140012015\/","url":"https:\/\/www.infragate.ee\/iso-90012015-ja-iso-140012015\/","name":"ISO 9001:2015 and ISO 14001:2015 - AS Infragate Estonia","isPartOf":{"@id":"https:\/\/www.infragate.ee\/en\/#website"},"datePublished":"2024-06-27T11:25:15+00:00","dateModified":"2024-09-03T12:31:22+00:00","breadcrumb":{"@id":"https:\/\/www.infragate.ee\/iso-90012015-ja-iso-140012015\/#breadcrumb"},"inLanguage":"en-US","potentialAction":[{"@type":"ReadAction","target":["https:\/\/www.infragate.ee\/iso-90012015-ja-iso-140012015\/"]}]},{"@type":"BreadcrumbList","@id":"https:\/\/www.infragate.ee\/iso-90012015-ja-iso-140012015\/#breadcrumb","itemListElement":[{"@type":"ListItem","position":1,"name":"Avaleht","item":"https:\/\/www.infragate.ee\/"},{"@type":"ListItem","position":2,"name":"ISO 9001:2015 ja ISO 14001:2015"}]},{"@type":"WebSite","@id":"https:\/\/www.infragate.ee\/en\/#website","url":"https:\/\/www.infragate.ee\/en\/","name":"AS Infragate Eesti","description":"Comprehensive consultancy and engineering services","potentialAction":[{"@type":"SearchAction","target":{"@type":"EntryPoint","urlTemplate":"https:\/\/www.infragate.ee\/en\/?s={search_term_string}"},"query-input":{"@type":"PropertyValueSpecification","valueRequired":true,"valueName":"search_term_string"}}],"inLanguage":"en-US"}]}},"_links":{"self":[{"href":"https:\/\/www.infragate.ee\/en\/wp-json\/wp\/v2\/pages\/466","targetHints":{"allow":["GET"]}}],"collection":[{"href":"https:\/\/www.infragate.ee\/en\/wp-json\/wp\/v2\/pages"}],"about":[{"href":"https:\/\/www.infragate.ee\/en\/wp-json\/wp\/v2\/types\/page"}],"author":[{"embeddable":true,"href":"https:\/\/www.infragate.ee\/en\/wp-json\/wp\/v2\/users\/2"}],"replies":[{"embeddable":true,"href":"https:\/\/www.infragate.ee\/en\/wp-json\/wp\/v2\/comments?post=466"}],"version-history":[{"count":23,"href":"https:\/\/www.infragate.ee\/en\/wp-json\/wp\/v2\/pages\/466\/revisions"}],"predecessor-version":[{"id":1294,"href":"https:\/\/www.infragate.ee\/en\/wp-json\/wp\/v2\/pages\/466\/revisions\/1294"}],"wp:attachment":[{"href":"https:\/\/www.infragate.ee\/en\/wp-json\/wp\/v2\/media?parent=466"}],"curies":[{"name":"wp","href":"https:\/\/api.w.org\/{rel}","templated":true}]}}