{"id":481,"date":"2024-06-27T11:40:18","date_gmt":"2024-06-27T11:40:18","guid":{"rendered":"https:\/\/infragate.ee\/?page_id=481"},"modified":"2024-08-02T06:08:14","modified_gmt":"2024-08-02T06:08:14","slug":"design-of-the-infrastructure-2","status":"publish","type":"page","link":"https:\/\/www.infragate.ee\/en\/infrastruktuuri-projekteerimine\/","title":{"rendered":"Design of the infrastructure"},"content":{"rendered":"<section class=\"bde-section-481-100 bde-section\">\n  \n  \n\t\n\n\n\n<div class=\"section-container\"><div class=\"bde-columns-481-101 bde-columns\"><div class=\"bde-column-481-102 bde-column\">\n  \n  \n\t\n\n\n\n<h2 class=\"bde-heading-481-103 bde-heading\">\nDesign of the complete outdoor space solutions from the draft plan to operational building design documentation\n<\/h2><div class=\"bde-rich-text-481-137 bde-rich-text breakdance-rich-text-styles\">\n<p>We carry out design work in the draft plan, preliminary, principal, and operational building design documentation stages in accordance with current laws, norms, and standards. We offer complete solutions for existing urban space and new developments, as well as the design of each technical network or facility separately.<\/p>\n<\/div><div class=\"bde-button-481-104 bde-button\">\n        \n    \n    \n    \n    \n            \n                    \n            \n            \n\n    \n    \n    \n    \n    \n    <a class=\"breakdance-link button-atom button-atom--primary bde-button__button\" href=\"https:\/\/www.infragate.ee\/en\/completed-works\/design-of-the-infrastructure-2\/\" target=\"_self\" data-type=\"url\"  >\n\n    \n        <span class=\"button-atom__text\">View our completed works<\/span>\n\n        \n        \n                <\/a>\n\n    \n\n\n<\/div>\n<\/div><\/div><div class=\"bde-columns-481-148 bde-columns\"><div class=\"bde-column-481-149 bde-column\">\n  \n  \n\t\n\n\n\n<div class=\"bde-icon-481-150 bde-icon\">\n\n    \n            <div class=\"bde-icon-icon breakdance-icon-atom\" >\n    \n                    <svg xmlns=\"http:\/\/www.w3.org\/2000\/svg\" xmlns:xlink=\"http:\/\/www.w3.org\/1999\/xlink\" version=\"1.1\" width=\"512\" height=\"512\" x=\"0\" y=\"0\" viewbox=\"0 0 64 64\" style=\"enable-background:new 0 0 512 512\" xml:space=\"preserve\" class=\"\"><g><path d=\"M58 10.25H11.75V1A.75.75 0 0 0 11 .25H6A5.757 5.757 0 0 0 .25 6v42A5.757 5.757 0 0 0 6 53.75h42.25V63a.75.75 0 0 0 .75.75h9A5.757 5.757 0 0 0 63.75 58V16A5.757 5.757 0 0 0 58 10.25ZM1.75 6A4.255 4.255 0 0 1 6 1.75h4.25v40.5H6a5.736 5.736 0 0 0-4.25 1.881ZM58 62.25h-8.25v-8.5H58a4.25 4.25 0 0 1 0 8.5Zm4.25-8.119A5.736 5.736 0 0 0 58 52.25H6a4.25 4.25 0 0 1 0-8.5h5a.75.75 0 0 0 .75-.75V11.75H58A4.255 4.255 0 0 1 62.25 16Z\" fill=\"#b4f0eb\" opacity=\"1\" data-original=\"#000000\"\/><path d=\"M43 14.25H15a.75.75 0 0 0-.75.75v10a.75.75 0 0 0 .75.75h6a.75.75 0 0 0 0-1.5h-5.25v-3.5h9.5v18.5H23a.75.75 0 0 0 0 1.5h12.25v7.5h-19.5v-7.5H20a.75.75 0 0 0 .75-.75v-5a.75.75 0 0 0-1.5 0v4.25h-3.5V28a.75.75 0 0 0-1.5 0v21a.75.75 0 0 0 .75.75h28a.75.75 0 0 0 .75-.75V15a.75.75 0 0 0-.75-.75Zm-.75 12h-10.5v-3.5H35a.75.75 0 0 0 0-1.5h-4a.75.75 0 0 0-.75.75v5a.75.75 0 0 0 .75.75h4.25V32a.75.75 0 0 0 1.5 0v-4.25h5.5v20.5h-5.5V35a.75.75 0 0 0-.75-.75h-4a.75.75 0 0 0 0 1.5h3.25v3.5h-8.5V20a.75.75 0 0 0-.75-.75H15.75v-3.5h14.5V19a.75.75 0 0 0 1.5 0v-3.25h10.5ZM59 48.25h-4a.75.75 0 0 0 0 1.5h4a.75.75 0 0 0 0-1.5ZM59 44.25H47a.75.75 0 0 0 0 1.5h12a.75.75 0 0 0 0-1.5ZM59 40.25H47a.75.75 0 0 0 0 1.5h12a.75.75 0 0 0 0-1.5ZM59 36.25H47a.75.75 0 0 0 0 1.5h12a.75.75 0 0 0 0-1.5ZM59 32.25H47a.75.75 0 0 0 0 1.5h12a.75.75 0 0 0 0-1.5ZM59 14.25H47a.75.75 0 0 0-.75.75v14a.75.75 0 0 0 .75.75h12a.75.75 0 0 0 .75-.75V15a.75.75 0 0 0-.75-.75Zm-.75 14h-10.5v-12.5h10.5Z\" fill=\"#b4f0eb\" opacity=\"1\" data-original=\"#000000\"\/><\/g><\/svg>\n        \n        \n        \n            <\/div>\n    \n\n\n<\/div>\n<\/div><div class=\"bde-column-481-151 bde-column\">\n  \n  \n\t\n\n\n\n<h3 class=\"bde-heading-481-152 bde-heading\">\nMain design service, including design project management and BIM coordination\n<\/h3><div class=\"bde-rich-text-481-153 bde-rich-text breakdance-rich-text-styles\">\n<p>The basis of a successfully implemented design is high-quality project management. The design project manager, in the role of chief designer, is responsible for the content, quality, and schedule of the entire building design documentation, orders the necessary construction studies, finds out the legal bases necessary for the preparation of the building design documentation, including detailed planning, design conditions, technical conditions of network owners and requirements and restrictions of other authorities. The project manager organizes the smooth work of the project team and controls conflicts between different parts of the project. The project manager organizes the building permit procedure, including the application for a building permit and negotiations with network owners, authorities, and local government proceedings authorities.<br \/>Increasingly, projects are being designed as BIM models, which allows conflicts in the work to be identified more quickly and the information contained in the project to be better managed. <br \/>We offer both BIM-compliant design services and BIM coordination services.<\/p>\n<\/div>\n<\/div><\/div><div class=\"bde-columns-481-154 bde-columns\"><div class=\"bde-column-481-155 bde-column\">\n  \n  \n\t\n\n\n\n<div class=\"bde-icon-481-156 bde-icon\">\n\n    \n            <div class=\"bde-icon-icon breakdance-icon-atom\" >\n    \n                    <svg xmlns=\"http:\/\/www.w3.org\/2000\/svg\" xmlns:xlink=\"http:\/\/www.w3.org\/1999\/xlink\" version=\"1.1\" width=\"512\" height=\"512\" x=\"0\" y=\"0\" viewbox=\"0 0 64 64\" style=\"enable-background:new 0 0 512 512\" xml:space=\"preserve\" class=\"\"><g><path d=\"M13.951 30.116h8.309a2.657 2.657 0 0 0 2.653-2.654v-9.187a2.656 2.656 0 0 0-2.653-2.653H13.95a2.656 2.656 0 0 0-2.653 2.653v9.187a2.657 2.657 0 0 0 2.653 2.654zm-.653-11.841c0-.354.299-.653.653-.653h8.309c.354 0 .653.299.653.653v9.187a.662.662 0 0 1-.653.654H13.95a.662.662 0 0 1-.653-.654zM28.345 18.08h11.133a1 1 0 1 0 0-2H28.345a1 1 0 1 0 0 2zM28.345 24.098h11.133a1 1 0 1 0 0-2H28.345a1 1 0 1 0 0 2z\" fill=\"#d8edff\" opacity=\"1\" data-original=\"#000000\" class=\"\"\/><path d=\"m62.66 56.923-5.91-7.56a1.594 1.594 0 0 0-1.07-.605 1.593 1.593 0 0 0-1.186.328l-.866.678-1.167-1.49a13.142 13.142 0 0 0 3.746-8.792 13.156 13.156 0 0 0-3.577-9.488 13.166 13.166 0 0 0-7.31-3.954V9.886a3.03 3.03 0 0 0-3.027-3.027h-2.118V4.922a3.03 3.03 0 0 0-3.027-3.027H4.028A3.03 3.03 0 0 0 1 4.922v42.972a3.03 3.03 0 0 0 3.027 3.027h2.119v1.94a3.03 3.03 0 0 0 3.027 3.024h33.12a3.03 3.03 0 0 0 3.027-3.024v-.769a13.119 13.119 0 0 0 5.646-2.484l1.087 1.388-.87.68a1.607 1.607 0 0 0-.276 2.253l5.914 7.56a1.605 1.605 0 0 0 2.252.276l3.31-2.59a1.606 1.606 0 0 0 .277-2.252zM4.027 48.92C3.461 48.92 3 48.46 3 47.894V4.922c0-.566.46-1.027 1.027-1.027h33.12c.567 0 1.028.46 1.028 1.027V6.86H9.173a3.03 3.03 0 0 0-3.027 3.027v39.035H4.027zm39.293 3.94c0 .564-.46 1.024-1.027 1.024H9.173c-.566 0-1.027-.46-1.027-1.024V9.886c0-.566.46-1.027 1.027-1.027h33.12c.566 0 1.027.46 1.027 1.027v15.937a13.218 13.218 0 0 0-7.796 2.293h-7.18a1 1 0 1 0 0 2H33.2a13.127 13.127 0 0 0-2.528 4.018H12.298a1 1 0 1 0 0 2H30.06a13.337 13.337 0 0 0-.273 4.018h-17.49a1 1 0 1 0 0 2h17.806a13.168 13.168 0 0 0 1.695 4.017h-19.5a1 1 0 1 0 0 2h21.056a13.16 13.16 0 0 0 9.187 4.13c.263.007.516-.003.78-.01v.572zm-.714-2.562a11.175 11.175 0 0 1-7.844-3.548c-4.243-4.524-4.014-11.656.51-15.899a11.17 11.17 0 0 1 8.055-3.038 11.175 11.175 0 0 1 7.844 3.548c4.243 4.524 4.014 11.657-.51 15.9a11.168 11.168 0 0 1-8.055 3.037zm15.546 9.646-5.425-6.937 2.689-2.104 5.425 6.939z\" fill=\"#d8edff\" opacity=\"1\" data-original=\"#000000\" class=\"\"\/><path d=\"M49.516 32.914c-3.388-3.61-9.08-3.791-12.689-.406-3.612 3.385-3.795 9.078-.41 12.692a8.955 8.955 0 0 0 6.55 2.83 8.958 8.958 0 0 0 6.143-2.425c3.609-3.386 3.79-9.08.406-12.69zm-1.774 11.232c-2.808 2.634-7.233 2.491-9.865-.314-2.632-2.809-2.49-7.234.317-9.865h.001a6.948 6.948 0 0 1 4.77-1.885c1.862 0 3.72.739 5.092 2.2 2.63 2.807 2.489 7.233-.315 9.864z\" fill=\"#d8edff\" opacity=\"1\" data-original=\"#000000\" class=\"\"\/><path d=\"M48.3 37.864a5.329 5.329 0 0 0-6.334-4.064 1 1 0 1 0 .426 1.954c1.8-.39 3.565.748 3.956 2.537a.999.999 0 1 0 1.953-.427z\" fill=\"#d8edff\" opacity=\"1\" data-original=\"#000000\" class=\"\"\/><\/g><\/svg>\n        \n        \n        \n            <\/div>\n    \n\n\n<\/div>\n<\/div><div class=\"bde-column-481-157 bde-column\">\n  \n  \n\t\n\n\n\n<h3 class=\"bde-heading-481-158 bde-heading\">\nSurveys\n<\/h3><div class=\"bde-rich-text-481-159 bde-rich-text breakdance-rich-text-styles\">\n<p>Every design work is based on high-quality surveys. In cooperation with partners, we offer complete solutions in design, including all necessary construction surveys:<\/p><ul><li>Topo-geodetic surveys<\/li><li>Geological surveys<\/li><li>Dendrology<\/li><li>Noise surveys<\/li><li>Traffic surveys<\/li><\/ul>\n<\/div>\n<\/div><\/div><div class=\"bde-columns-481-160 bde-columns\"><div class=\"bde-column-481-161 bde-column\">\n  \n  \n\t\n\n\n\n<div class=\"bde-icon-481-162 bde-icon\">\n\n    \n            <div class=\"bde-icon-icon breakdance-icon-atom\" >\n    \n                    <svg xmlns=\"http:\/\/www.w3.org\/2000\/svg\" xmlns:xlink=\"http:\/\/www.w3.org\/1999\/xlink\" version=\"1.1\" width=\"512\" height=\"512\" x=\"0\" y=\"0\" viewbox=\"0 0 512 512\" style=\"enable-background:new 0 0 512 512\" xml:space=\"preserve\" class=\"\"><g><path d=\"M197.632 450.379h-27.016V138.852h148.851v34.874h-14.282a8 8 0 0 0-8 8v44.563a8 8 0 0 0 8 8h44.564a8 8 0 0 0 8-8v-44.563a8 8 0 0 0-8-8h-14.282v-34.874h33.405a8 8 0 0 0 5.133-14.137l-39.873-33.349a8 8 0 0 0-5.133-1.863h-12.403l-145.98-70.237V16a8 8 0 0 0-8-8h-27.294a8 8 0 0 0-7.723 5.912l-2.123 7.853-69.51 56.03H16a8 8 0 0 0-8 8v56.764a8 8 0 0 0 8 8h56.764a8 8 0 0 0 8-8v-3.708h19.265v311.527H73.014a8 8 0 0 0-8 8V496a8 8 0 0 0 8 8h124.618a8 8 0 0 0 8-8v-37.621a8 8 0 0 0-8-8zm144.117-232.09h-28.564v-28.563h28.564zm-214.407 232.09 27.274-27.274v27.274zm48.948-344.876-14.035 14.035-14.035-14.035zm-47.384 3.314 14.035 14.035h-26.913v-1.157zm152.708-3.314h28.071l-14.036 14.035zm-5.279 17.349h-28.069l14.035-14.035zm-47.383-3.314-14.035-14.035h28.069zm-19.314 3.314h-28.069l14.035-14.035zm-100.046-17.349L96.72 118.375l-8.798-12.872zm45.024 278.974-35.274-35.274 35.274-35.274zm0-109.176-35.274-35.274 35.274-35.274zm-38.588-54.588v-70.548l35.274 35.274zm0 38.628 35.274 35.274-35.274 35.274zm35.274 144.45-35.274 35.274v-70.548zm3.314-237.666-27.274-27.274h27.274zm160.347-43.273 14.517-14.517 17.356 14.517zm-35.271-33.349H170.616V37.022zM154.616 24v65.503h-30.877L141.446 24zm-47.451 65.503H80.764v-3.708a7.972 7.972 0 0 0-2.287-5.595l39.896-32.159zM64.764 134.56H24V93.795h40.764zM189.632 488H81.014v-21.621h108.618zM496 151.197h-15.883V59.239a8 8 0 0 0-8-8h-72.912a8 8 0 0 0-8 8v91.958h-15.883a8 8 0 0 0-8 8v100.048h-56.778a8 8 0 0 0-8 8v134.804h-49.357a8 8 0 0 0-8 8V496a8 8 0 0 0 8 8H496a8 8 0 0 0 8-8V159.197a8 8 0 0 0-8-8zm-88.795-83.958h56.912v83.958h-56.912zm-23.883 99.958H488v92.048H383.322zm-64.778 108.048H488v126.804H318.544zM488 488H261.187v-69.951H488zm-15.883-301.007h-72.912a8 8 0 0 0-8 8v36.456a8 8 0 0 0 8 8h72.912a8 8 0 0 0 8-8v-36.456a8 8 0 0 0-8-8zm-64.912 16h20.456v20.456h-20.456zm56.912 20.456h-20.456v-20.456h20.456zm1.356 65.732H341.071a8 8 0 0 0-8 8v82.932a8 8 0 0 0 8 8h124.401a8 8 0 0 0 8-8v-82.932a7.998 7.998 0 0 0-7.999-8zm-8.002 41.466h-25.468v-25.466h25.468zm-41.468 0h-25.466v-25.466h25.466zm0 16v25.466h-25.466v-25.466zm16 0h25.468v25.466h-25.468zm-57.466-41.466v25.466h-25.466v-25.466zm-25.466 41.466h25.466v25.466h-25.466z\" fill=\"#b5efeb\" opacity=\"1\" data-original=\"#000000\" class=\"\"\/><\/g><\/svg>\n        \n        \n        \n            <\/div>\n    \n\n\n<\/div>\n<\/div><div class=\"bde-column-481-163 bde-column\">\n  \n  \n\t\n\n\n\n<h3 class=\"bde-heading-481-164 bde-heading\">\nBuilding design documentation\n<\/h3><div class=\"bde-rich-text-481-165 bde-rich-text breakdance-rich-text-styles\">\n<ul><li>City streets and highways<ul><li>Roads, streets, and intersections<\/li><li>Pedestrian and bicycle roads<\/li><li>Access roads and driveways<\/li><li>Parking lots<\/li><li>Traffic management<\/li><li>Milling diagrams<\/li><li>Highways<\/li><li>Bridges<\/li><li>Tunnels<\/li><li>Pavement calculations<\/li><\/ul><\/li><li>External water supply and sewerage<ul><li>Public water supply and sewerage pipelines<\/li><li>Rainwater systems (pipelines, purifiers, leveling tanks, impregnation, ponds, ditches, natural solutions)<\/li><li>Construction drainage<\/li><li>Hydraulic models (water supply, sewage, and rainwater drainage)<\/li><li>Collaborative calculations of sewage and stormwater pumping stations<\/li><li>Borehole pumping stations and booster pumping station<\/li><li>Water treatment plants and wastewater treatment plants, including both treatment technology and the facility as a whole with all special parts<\/li><\/ul><\/li><li>Utility networks<ul><li>External low-voltage electrical networks<\/li><li>Communication sewerage and multi-pipeline<\/li><li>Video surveillance<\/li><li>Street lighting<\/li><li>Gas<\/li><li>District heating<\/li><li>District cooling<\/li><\/ul><\/li><li>Leisure and sports facilities<ul><li>Parks<\/li><li>Central squares<\/li><li>Ski slopes<\/li><li>Ice rinks<\/li><\/ul><\/li><\/ul>\n<\/div>\n<\/div><\/div><div class=\"bde-columns-481-172 bde-columns\"><div class=\"bde-column-481-173 bde-column\">\n  \n  \n\t\n\n\n\n<div class=\"bde-icon-481-174 bde-icon\">\n\n    \n            <div class=\"bde-icon-icon breakdance-icon-atom\" >\n    \n                    <svg xmlns=\"http:\/\/www.w3.org\/2000\/svg\" xmlns:xlink=\"http:\/\/www.w3.org\/1999\/xlink\" version=\"1.1\" width=\"512\" height=\"512\" x=\"0\" y=\"0\" viewbox=\"0 0 64 64\" style=\"enable-background:new 0 0 512 512\" xml:space=\"preserve\" class=\"\"><g><path d=\"M11.6 36.4c-.4 0-.9-.3-1-.8l-1.3-5.2c-.1-.5.2-1.1.7-1.2s1.1.2 1.2.7l1.3 5.2c.1.5-.2 1.1-.7 1.2 0 .1-.1.1-.2.1z\" fill=\"#d8edff\" opacity=\"1\" data-original=\"#000000\" class=\"\"\/><path d=\"M8.9 36.4H4.4c-1.5 0-2.8-.7-3.7-1.9-.8-1.1-.9-2.4-.5-3.7.9-2.3 3.5-3.3 7.9-3 1.3.1 2.5.8 3 1.9.6 1 .3 1.8.1 2.2-.6 1.1-2.1 1.6-4.8 1.7-.5 0-1-.4-1-1s.4-1 1-1c2.6-.1 3-.6 3.1-.7 0 0 0-.1-.1-.3-.3-.5-.8-.8-1.4-.8-2.3-.2-5.2 0-5.8 1.7-.3.8 0 1.5.3 1.8.5.6 1.2 1 2 1H9c.6 0 1 .5 1 1s-.5 1.1-1.1 1.1zM52.4 36.4h-.3c-.5-.1-.9-.7-.7-1.2l1.3-5.2c.1-.5.7-.9 1.2-.7.5.1.9.7.7 1.2l-1.3 5.2c0 .4-.5.7-.9.7z\" fill=\"#d8edff\" opacity=\"1\" data-original=\"#000000\" class=\"\"\/><path d=\"M59.6 36.4h-4.5c-.6 0-1-.5-1-1s.5-1 1-1h4.5c.8 0 1.6-.4 2-1 .2-.3.6-1 .3-1.8-.6-1.7-3.5-1.9-5.8-1.7-.6 0-1.2.4-1.4.8-.1.2-.1.3-.1.3s.4.6 3.2.7c.6 0 1 .5 1 1 0 .6-.5 1-1 1-2.7-.1-4.2-.6-4.8-1.7-.2-.4-.5-1.2.1-2.2.6-1.1 1.7-1.8 3-1.9 4.4-.3 7 .7 7.9 3 .5 1.2.3 2.6-.5 3.7-1.1 1.1-2.4 1.8-3.9 1.8z\" fill=\"#d8edff\" opacity=\"1\" data-original=\"#000000\" class=\"\"\/><path d=\"M5 44c-.4 0-.8-.2-.9-.6L.6 34.3c-.2-.5 0-1 .5-1.3.5-.2 1-.1 1.3.3.4.7 1.2 1.1 2 1.1h55.2c.8 0 1.6-.4 2-1.1.3-.4.8-.6 1.3-.3.5.2.7.8.5 1.3l-3.5 9.1c-.2.5-.8.8-1.3.6s-.8-.8-.6-1.3l2.4-6.3c-.3.1-.6.1-.9.1H4.4c-.3 0-.6 0-.9-.1l2.4 6.3c.2.5-.1 1.1-.6 1.3H5zM48.8 63.1H15.2c-2.1 0-4-1.3-4.8-3.3l-.1-.4c-.2-.5.1-1.1.6-1.3s1.1.1 1.3.6l.1.4c.4 1.2 1.6 2 2.9 2h33.6c1.3 0 2.4-.8 2.9-2l.1-.3c.2-.5.8-.8 1.3-.6s.8.8.6 1.3l-.1.4c-.7 1.9-2.7 3.2-4.8 3.2zM11.2 57.1c-4.7 0-7.8-3.3-8.4-8.9-.1-.8.2-1.6.7-2.2.7-.8 1.8-1.2 2.9-.9.5.1 1.1.1 1.7 0s1.2-.2 1.8-.4c1-.2 2-.4 3-.4 2 0 3.3 1.1 3.8 3.3.7 3.2.3 6-1 7.7-1 1.1-2.5 1.8-4.5 1.8zM5.9 47c-.3 0-.6.1-.8.4-.1 0-.3.3-.2.6.3 2.7 1.4 7.1 6.4 7.1v1-1c1.3 0 2.3-.4 2.9-1.2 1-1.2 1.2-3.5.7-6-.3-1.6-1-1.7-1.8-1.7-.7 0-1.6.2-2.5.4-.6.1-1.3.3-1.9.4-.9.1-1.7.1-2.5 0h-.3zM52.8 57.1c-1.9 0-3.5-.7-4.5-2-1.4-1.7-1.8-4.5-1-7.7.5-2.2 1.7-3.3 3.8-3.3.9 0 1.9.2 3 .4.6.1 1.2.3 1.8.4.7.1 1.3.1 1.7 0 1.2-.2 2.2.1 3 .9.6.6.8 1.4.7 2.2-.7 5.8-3.8 9.1-8.5 9.1zM51 46.2c-.8 0-1.5.1-1.8 1.7-.6 2.5-.3 4.8.7 6 .6.8 1.6 1.2 2.9 1.2v1-1c5 0 6.1-4.5 6.4-7.1 0-.3-.1-.6-.2-.7-.3-.3-.7-.4-1.1-.3-.7.2-1.6.2-2.5 0-.6-.1-1.3-.2-1.9-.4-1-.2-1.8-.4-2.5-.4zM32 32.1c-5.7 0-10.4-4.7-10.4-10.4 0-.7.1-1.4.2-2.1.1-.5.5-.8 1-.8h18.4c.5 0 .9.3 1 .8.1.7.2 1.5.2 2.1 0 5.8-4.7 10.4-10.4 10.4zm-8.3-11.3c0 .3-.1.6-.1.9 0 4.6 3.8 8.4 8.4 8.4s8.4-3.8 8.4-8.4c0-.3 0-.6-.1-.9z\" fill=\"#d8edff\" opacity=\"1\" data-original=\"#000000\" class=\"\"\/><path d=\"M44.2 20.8H19.9c-.7 0-1.3-.3-1.7-.9-.4-.5-.5-1.2-.2-1.8.3-.7.6-1.3 1.2-1.8.9-.9 2.1-1.4 3.5-1.4h18.9c2.1 0 3.9 1.3 4.6 3.3.2.6.1 1.3-.2 1.8-.6.5-1.2.8-1.8.8zm-21.7-3.9c-.8 0-1.5.3-2 .8-.3.3-.5.7-.7 1.1l24.3-.1c-.4-1.1-1.5-1.9-2.7-1.9H22.5z\" fill=\"#d8edff\" opacity=\"1\" data-original=\"#000000\" class=\"\"\/><path d=\"M42.5 16.9h-21c-.6 0-1-.4-1-1v-.5c0-3.5 1.6-6.8 4.4-9 .4-.3 1.1-.3 1.4.2.3.4.2 1-.2 1.4-2.2 1.7-3.5 4.2-3.6 7h19c-.1-2.4-1.1-4.6-2.8-6.2-.2-.2-.5-.5-.8-.7-.4-.3-.5-1-.2-1.4s1-.5 1.4-.2.7.6 1 .9c2.2 2.2 3.4 5.1 3.4 8.1v.5c0 .5-.4.9-1 .9z\" fill=\"#d8edff\" opacity=\"1\" data-original=\"#000000\" class=\"\"\/><path d=\"M34.5 10.7c-.6 0-1-.4-1-1V4.4c0-.8-.7-1.5-1.5-1.5s-1.5.7-1.5 1.5v5.3c0 .6-.4 1-1 1s-1-.4-1-1V4.4c0-1.9 1.6-3.5 3.5-3.5s3.5 1.6 3.5 3.5v5.3c0 .5-.4 1-1 1z\" fill=\"#d8edff\" opacity=\"1\" data-original=\"#000000\" class=\"\"\/><\/g><\/svg>\n        \n        \n        \n            <\/div>\n    \n\n\n<\/div>\n<\/div><div class=\"bde-column-481-175 bde-column\">\n  \n  \n\t\n\n\n\n<h3 class=\"bde-heading-481-176 bde-heading\">\nAuthor supervision during construction\n<\/h3>\n<\/div><\/div><\/div>\n<\/section>","protected":false},"excerpt":{"rendered":"<p>V\u00e4lisruumi terviklahenduste projekteerimine eskiisist t\u00f6\u00f6joonisteni Teostame projekteerimist\u00f6id eskiisi, eelprojekti, p\u00f5hiprojekti ja t\u00f6\u00f6projekti staadiumites vastavalt kehtivatele seadustele, normidele ja standarditele. Pakume olemasoleva linnaruumi ja uusarenduste terviklahendusi kui ka iga tehnov\u00f5rgu v\u00f5i rajatise projekteerimist eraldiseisvana. Tutvu tehtud t\u00f6\u00f6dega Peaprojekteerimise teenus, s.h. projekteerimise projektijuhtimine ja BIM koordineerimine Edukalt elluviidud projekti aluseks on kvaliteetne projektijuhtimine. Projekteerimise projektijuht peaprojekteerija \u00fclesannetes [&hellip;]<\/p>\n","protected":false},"author":2,"featured_media":0,"parent":0,"menu_order":0,"comment_status":"closed","ping_status":"closed","template":"","meta":{"_acf_changed":false,"_breakdance_hide_in_design_set":false,"_breakdance_tags":"","footnotes":""},"class_list":["post-481","page","type-page","status-publish","hentry"],"acf":[],"yoast_head":"<!-- This site is optimized with the Yoast SEO plugin v27.4 - https:\/\/yoast.com\/product\/yoast-seo-wordpress\/ -->\n<title>Infrastruktuuri projekteerimine - AS Infragate Eesti<\/title>\n<meta name=\"robots\" content=\"index, follow, max-snippet:-1, max-image-preview:large, max-video-preview:-1\" \/>\n<link rel=\"canonical\" href=\"https:\/\/www.infragate.ee\/en\/design-of-the-infrastructure-2\/\" \/>\n<meta property=\"og:locale\" content=\"en_US\" \/>\n<meta property=\"og:type\" content=\"article\" \/>\n<meta property=\"og:title\" content=\"Infrastruktuuri projekteerimine - AS Infragate Eesti\" \/>\n<meta property=\"og:description\" content=\"V\u00e4lisruumi terviklahenduste projekteerimine eskiisist t\u00f6\u00f6joonisteni Teostame projekteerimist\u00f6id eskiisi, eelprojekti, p\u00f5hiprojekti ja t\u00f6\u00f6projekti staadiumites vastavalt kehtivatele seadustele, normidele ja standarditele. Pakume olemasoleva linnaruumi ja uusarenduste terviklahendusi kui ka iga tehnov\u00f5rgu v\u00f5i rajatise projekteerimist eraldiseisvana. Tutvu tehtud t\u00f6\u00f6dega Peaprojekteerimise teenus, s.h. projekteerimise projektijuhtimine ja BIM koordineerimine Edukalt elluviidud projekti aluseks on kvaliteetne projektijuhtimine. Projekteerimise projektijuht peaprojekteerija \u00fclesannetes [&hellip;]\" \/>\n<meta property=\"og:url\" content=\"https:\/\/www.infragate.ee\/en\/design-of-the-infrastructure-2\/\" \/>\n<meta property=\"og:site_name\" content=\"AS Infragate Eesti\" \/>\n<meta property=\"article:modified_time\" content=\"2024-08-02T06:08:14+00:00\" \/>\n<meta name=\"twitter:card\" content=\"summary_large_image\" \/>\n<script type=\"application\/ld+json\" class=\"yoast-schema-graph\">{\"@context\":\"https:\\\/\\\/schema.org\",\"@graph\":[{\"@type\":\"WebPage\",\"@id\":\"https:\\\/\\\/www.infragate.ee\\\/infrastruktuuri-projekteerimine\\\/\",\"url\":\"https:\\\/\\\/www.infragate.ee\\\/infrastruktuuri-projekteerimine\\\/\",\"name\":\"Infrastruktuuri projekteerimine - AS Infragate Eesti\",\"isPartOf\":{\"@id\":\"https:\\\/\\\/www.infragate.ee\\\/en\\\/#website\"},\"datePublished\":\"2024-06-27T11:40:18+00:00\",\"dateModified\":\"2024-08-02T06:08:14+00:00\",\"breadcrumb\":{\"@id\":\"https:\\\/\\\/www.infragate.ee\\\/infrastruktuuri-projekteerimine\\\/#breadcrumb\"},\"inLanguage\":\"en-US\",\"potentialAction\":[{\"@type\":\"ReadAction\",\"target\":[\"https:\\\/\\\/www.infragate.ee\\\/infrastruktuuri-projekteerimine\\\/\"]}]},{\"@type\":\"BreadcrumbList\",\"@id\":\"https:\\\/\\\/www.infragate.ee\\\/infrastruktuuri-projekteerimine\\\/#breadcrumb\",\"itemListElement\":[{\"@type\":\"ListItem\",\"position\":1,\"name\":\"Avaleht\",\"item\":\"https:\\\/\\\/www.infragate.ee\\\/\"},{\"@type\":\"ListItem\",\"position\":2,\"name\":\"Infrastruktuuri projekteerimine\"}]},{\"@type\":\"WebSite\",\"@id\":\"https:\\\/\\\/www.infragate.ee\\\/en\\\/#website\",\"url\":\"https:\\\/\\\/www.infragate.ee\\\/en\\\/\",\"name\":\"AS Infragate Eesti\",\"description\":\"Terviklik konsultatsiooni- ja inseneriteenus\",\"potentialAction\":[{\"@type\":\"SearchAction\",\"target\":{\"@type\":\"EntryPoint\",\"urlTemplate\":\"https:\\\/\\\/www.infragate.ee\\\/en\\\/?s={search_term_string}\"},\"query-input\":{\"@type\":\"PropertyValueSpecification\",\"valueRequired\":true,\"valueName\":\"search_term_string\"}}],\"inLanguage\":\"en-US\"}]}<\/script>\n<!-- \/ Yoast SEO plugin. -->","yoast_head_json":{"title":"Infrastructure design - AS Infragate Estonia","robots":{"index":"index","follow":"follow","max-snippet":"max-snippet:-1","max-image-preview":"max-image-preview:large","max-video-preview":"max-video-preview:-1"},"canonical":"https:\/\/www.infragate.ee\/en\/design-of-the-infrastructure-2\/","og_locale":"en_US","og_type":"article","og_title":"Infrastruktuuri projekteerimine - AS Infragate Eesti","og_description":"V\u00e4lisruumi terviklahenduste projekteerimine eskiisist t\u00f6\u00f6joonisteni Teostame projekteerimist\u00f6id eskiisi, eelprojekti, p\u00f5hiprojekti ja t\u00f6\u00f6projekti staadiumites vastavalt kehtivatele seadustele, normidele ja standarditele. Pakume olemasoleva linnaruumi ja uusarenduste terviklahendusi kui ka iga tehnov\u00f5rgu v\u00f5i rajatise projekteerimist eraldiseisvana. Tutvu tehtud t\u00f6\u00f6dega Peaprojekteerimise teenus, s.h. projekteerimise projektijuhtimine ja BIM koordineerimine Edukalt elluviidud projekti aluseks on kvaliteetne projektijuhtimine. Projekteerimise projektijuht peaprojekteerija \u00fclesannetes [&hellip;]","og_url":"https:\/\/www.infragate.ee\/en\/design-of-the-infrastructure-2\/","og_site_name":"AS Infragate Eesti","article_modified_time":"2024-08-02T06:08:14+00:00","twitter_card":"summary_large_image","schema":{"@context":"https:\/\/schema.org","@graph":[{"@type":"WebPage","@id":"https:\/\/www.infragate.ee\/infrastruktuuri-projekteerimine\/","url":"https:\/\/www.infragate.ee\/infrastruktuuri-projekteerimine\/","name":"Infrastructure design - AS Infragate Estonia","isPartOf":{"@id":"https:\/\/www.infragate.ee\/en\/#website"},"datePublished":"2024-06-27T11:40:18+00:00","dateModified":"2024-08-02T06:08:14+00:00","breadcrumb":{"@id":"https:\/\/www.infragate.ee\/infrastruktuuri-projekteerimine\/#breadcrumb"},"inLanguage":"en-US","potentialAction":[{"@type":"ReadAction","target":["https:\/\/www.infragate.ee\/infrastruktuuri-projekteerimine\/"]}]},{"@type":"BreadcrumbList","@id":"https:\/\/www.infragate.ee\/infrastruktuuri-projekteerimine\/#breadcrumb","itemListElement":[{"@type":"ListItem","position":1,"name":"Avaleht","item":"https:\/\/www.infragate.ee\/"},{"@type":"ListItem","position":2,"name":"Infrastruktuuri projekteerimine"}]},{"@type":"WebSite","@id":"https:\/\/www.infragate.ee\/en\/#website","url":"https:\/\/www.infragate.ee\/en\/","name":"AS Infragate Eesti","description":"Comprehensive consultancy and engineering services","potentialAction":[{"@type":"SearchAction","target":{"@type":"EntryPoint","urlTemplate":"https:\/\/www.infragate.ee\/en\/?s={search_term_string}"},"query-input":{"@type":"PropertyValueSpecification","valueRequired":true,"valueName":"search_term_string"}}],"inLanguage":"en-US"}]}},"_links":{"self":[{"href":"https:\/\/www.infragate.ee\/en\/wp-json\/wp\/v2\/pages\/481","targetHints":{"allow":["GET"]}}],"collection":[{"href":"https:\/\/www.infragate.ee\/en\/wp-json\/wp\/v2\/pages"}],"about":[{"href":"https:\/\/www.infragate.ee\/en\/wp-json\/wp\/v2\/types\/page"}],"author":[{"embeddable":true,"href":"https:\/\/www.infragate.ee\/en\/wp-json\/wp\/v2\/users\/2"}],"replies":[{"embeddable":true,"href":"https:\/\/www.infragate.ee\/en\/wp-json\/wp\/v2\/comments?post=481"}],"version-history":[{"count":9,"href":"https:\/\/www.infragate.ee\/en\/wp-json\/wp\/v2\/pages\/481\/revisions"}],"predecessor-version":[{"id":1281,"href":"https:\/\/www.infragate.ee\/en\/wp-json\/wp\/v2\/pages\/481\/revisions\/1281"}],"wp:attachment":[{"href":"https:\/\/www.infragate.ee\/en\/wp-json\/wp\/v2\/media?parent=481"}],"curies":[{"name":"wp","href":"https:\/\/api.w.org\/{rel}","templated":true}]}}