{"id":619,"date":"2024-07-03T05:41:43","date_gmt":"2024-07-03T05:41:43","guid":{"rendered":"https:\/\/infragate.ee\/?page_id=619"},"modified":"2025-10-20T11:55:26","modified_gmt":"2025-10-20T11:55:26","slug":"completed-works","status":"publish","type":"page","link":"https:\/\/www.infragate.ee\/en\/tehtud-tood\/","title":{"rendered":"Completed works"},"content":{"rendered":"<section class=\"bde-section-619-100 bde-section\">\n  \n  \n\t\n\n\n\n<div class=\"section-container\"><div class=\"bde-columns-619-101 bde-columns\"><div class=\"bde-column-619-102 bde-column\">\n  \n  \n\t\n\n\n\n<div class=\"bde-image-619-107 bde-image\">\n<figure class=\"breakdance-image breakdance-image--2033\">\n\t<div class=\"breakdance-image-container\">\n\t\t<div class=\"breakdance-image-clip\"><img loading=\"lazy\" decoding=\"async\" class=\"breakdance-image-object\" src=\"https:\/\/www.infragate.ee\/wp-content\/uploads\/2025\/10\/kaupokalda-com-DJI_20250318191419_0199_D-scaled.jpg\" width=\"2560\" height=\"1917\" srcset=\"https:\/\/www.infragate.ee\/wp-content\/uploads\/2025\/10\/kaupokalda-com-DJI_20250318191419_0199_D-scaled.jpg 2560w, https:\/\/www.infragate.ee\/wp-content\/uploads\/2025\/10\/kaupokalda-com-DJI_20250318191419_0199_D-300x225.jpg 300w, https:\/\/www.infragate.ee\/wp-content\/uploads\/2025\/10\/kaupokalda-com-DJI_20250318191419_0199_D-1024x767.jpg 1024w, https:\/\/www.infragate.ee\/wp-content\/uploads\/2025\/10\/kaupokalda-com-DJI_20250318191419_0199_D-768x575.jpg 768w\" sizes=\"auto, (max-width: 2560px) 100vw, 2560px\"><\/div>\n\t<\/div><\/figure>\n\n<\/div><div class=\"bde-button-619-119 bde-button\">\n        \n    \n    \n    \n    \n            \n                    \n            \n            \n\n    \n    \n    \n    \n    \n    <a class=\"breakdance-link button-atom button-atom--custom bde-button__button\" href=\"https:\/\/www.infragate.ee\/en\/completed-works\/building-design-2\/\" target=\"_self\" data-type=\"url\"  >\n\n    \n        <span class=\"button-atom__text\">Building design<\/span>\n\n        \n        \n                <\/a>\n\n    \n\n\n<\/div>\n<\/div><div class=\"bde-column-619-120 bde-column\">\n  \n  \n\t\n\n\n\n<div class=\"bde-image-619-121 bde-image\">\n<figure class=\"breakdance-image breakdance-image--1735\">\n\t<div class=\"breakdance-image-container\">\n\t\t<div class=\"breakdance-image-clip\"><img loading=\"lazy\" decoding=\"async\" class=\"breakdance-image-object\" src=\"https:\/\/www.infragate.ee\/wp-content\/uploads\/2024\/12\/AA9I8164-2.jpg\" width=\"2434\" height=\"1623\" srcset=\"https:\/\/www.infragate.ee\/wp-content\/uploads\/2024\/12\/AA9I8164-2.jpg 2434w, https:\/\/www.infragate.ee\/wp-content\/uploads\/2024\/12\/AA9I8164-2-300x200.jpg 300w, https:\/\/www.infragate.ee\/wp-content\/uploads\/2024\/12\/AA9I8164-2-1024x683.jpg 1024w, https:\/\/www.infragate.ee\/wp-content\/uploads\/2024\/12\/AA9I8164-2-768x512.jpg 768w, https:\/\/www.infragate.ee\/wp-content\/uploads\/2024\/12\/AA9I8164-2-1536x1024.jpg 1536w, https:\/\/www.infragate.ee\/wp-content\/uploads\/2024\/12\/AA9I8164-2-2048x1366.jpg 2048w, https:\/\/www.infragate.ee\/wp-content\/uploads\/2024\/12\/AA9I8164-2-18x12.jpg 18w\" sizes=\"auto, (max-width: 2434px) 100vw, 2434px\"><\/div>\n\t<\/div><\/figure>\n\n<\/div><div class=\"bde-button-619-122 bde-button\">\n        \n    \n    \n    \n    \n            \n                    \n            \n            \n\n    \n    \n    \n    \n    \n    <a class=\"breakdance-link button-atom button-atom--custom bde-button__button\" href=\"https:\/\/www.infragate.ee\/en\/completed-works\/design-of-the-infrastructure-2\/\" target=\"_self\" data-type=\"url\"  >\n\n    \n        <span class=\"button-atom__text\">Design of the infrastructure<\/span>\n\n        \n        \n                <\/a>\n\n    \n\n\n<\/div>\n<\/div><div class=\"bde-column-619-135 bde-column\">\n  \n  \n\t\n\n\n\n<div class=\"bde-image-619-136 bde-image\">\n<figure class=\"breakdance-image breakdance-image--1739\">\n\t<div class=\"breakdance-image-container\">\n\t\t<div class=\"breakdance-image-clip\"><img loading=\"lazy\" decoding=\"async\" class=\"breakdance-image-object\" src=\"https:\/\/www.infragate.ee\/wp-content\/uploads\/2024\/12\/Mustamae-Riigigumnaasium-230825-1-2-1.jpg\" width=\"1119\" height=\"968\" srcset=\"https:\/\/www.infragate.ee\/wp-content\/uploads\/2024\/12\/Mustamae-Riigigumnaasium-230825-1-2-1.jpg 1119w, https:\/\/www.infragate.ee\/wp-content\/uploads\/2024\/12\/Mustamae-Riigigumnaasium-230825-1-2-1-300x260.jpg 300w, https:\/\/www.infragate.ee\/wp-content\/uploads\/2024\/12\/Mustamae-Riigigumnaasium-230825-1-2-1-1024x886.jpg 1024w, https:\/\/www.infragate.ee\/wp-content\/uploads\/2024\/12\/Mustamae-Riigigumnaasium-230825-1-2-1-768x664.jpg 768w, https:\/\/www.infragate.ee\/wp-content\/uploads\/2024\/12\/Mustamae-Riigigumnaasium-230825-1-2-1-14x12.jpg 14w\" sizes=\"auto, (max-width: 1119px) 100vw, 1119px\"><\/div>\n\t<\/div><\/figure>\n\n<\/div><div class=\"bde-button-619-137 bde-button\">\n        \n    \n    \n    \n    \n            \n                    \n            \n            \n\n    \n    \n    \n    \n    \n    <a class=\"breakdance-link button-atom button-atom--custom bde-button__button\" href=\"https:\/\/www.infragate.ee\/en\/completed-works\/expert-evaluation\/\" target=\"_self\" data-type=\"url\"  >\n\n    \n        <span class=\"button-atom__text\">Expert assessments<\/span>\n\n        \n        \n                <\/a>\n\n    \n\n\n<\/div>\n<\/div><div class=\"bde-column-619-123 bde-column\">\n  \n  \n\t\n\n\n\n<div class=\"bde-image-619-124 bde-image\">\n<figure class=\"breakdance-image breakdance-image--1727\">\n\t<div class=\"breakdance-image-container\">\n\t\t<div class=\"breakdance-image-clip\"><img loading=\"lazy\" decoding=\"async\" class=\"breakdance-image-object\" src=\"https:\/\/www.infragate.ee\/wp-content\/uploads\/2024\/12\/Rakvere-vallimae-kompleksi-ehituse-omanikujarelevalve_esileht-1-1.jpg\" width=\"1366\" height=\"910\" srcset=\"https:\/\/www.infragate.ee\/wp-content\/uploads\/2024\/12\/Rakvere-vallimae-kompleksi-ehituse-omanikujarelevalve_esileht-1-1.jpg 1366w, https:\/\/www.infragate.ee\/wp-content\/uploads\/2024\/12\/Rakvere-vallimae-kompleksi-ehituse-omanikujarelevalve_esileht-1-1-300x200.jpg 300w, https:\/\/www.infragate.ee\/wp-content\/uploads\/2024\/12\/Rakvere-vallimae-kompleksi-ehituse-omanikujarelevalve_esileht-1-1-1024x682.jpg 1024w, https:\/\/www.infragate.ee\/wp-content\/uploads\/2024\/12\/Rakvere-vallimae-kompleksi-ehituse-omanikujarelevalve_esileht-1-1-768x512.jpg 768w, https:\/\/www.infragate.ee\/wp-content\/uploads\/2024\/12\/Rakvere-vallimae-kompleksi-ehituse-omanikujarelevalve_esileht-1-1-18x12.jpg 18w\" sizes=\"auto, (max-width: 1366px) 100vw, 1366px\"><\/div>\n\t<\/div><\/figure>\n\n<\/div><div class=\"bde-button-619-125 bde-button\">\n        \n    \n    \n    \n    \n            \n                    \n            \n            \n\n    \n    \n    \n    \n    \n    <a class=\"breakdance-link button-atom button-atom--custom bde-button__button\" href=\"https:\/\/www.infragate.ee\/en\/completed-works\/owner-supervision-2\/\" target=\"_self\" data-type=\"url\"  >\n\n    \n        <span class=\"button-atom__text\">Owner supervision<\/span>\n\n        \n        \n                <\/a>\n\n    \n\n\n<\/div>\n<\/div><div class=\"bde-column-619-126 bde-column\">\n  \n  \n\t\n\n\n\n<div class=\"bde-image-619-127 bde-image\">\n<figure class=\"breakdance-image breakdance-image--1730\">\n\t<div class=\"breakdance-image-container\">\n\t\t<div class=\"breakdance-image-clip\"><img loading=\"lazy\" decoding=\"async\" class=\"breakdance-image-object\" src=\"https:\/\/www.infragate.ee\/wp-content\/uploads\/2024\/12\/Konsult_Esileht-1.jpg\" width=\"1500\" height=\"1000\" srcset=\"https:\/\/www.infragate.ee\/wp-content\/uploads\/2024\/12\/Konsult_Esileht-1.jpg 1500w, https:\/\/www.infragate.ee\/wp-content\/uploads\/2024\/12\/Konsult_Esileht-1-300x200.jpg 300w, https:\/\/www.infragate.ee\/wp-content\/uploads\/2024\/12\/Konsult_Esileht-1-1024x683.jpg 1024w, https:\/\/www.infragate.ee\/wp-content\/uploads\/2024\/12\/Konsult_Esileht-1-768x512.jpg 768w, https:\/\/www.infragate.ee\/wp-content\/uploads\/2024\/12\/Konsult_Esileht-1-18x12.jpg 18w\" sizes=\"auto, (max-width: 1500px) 100vw, 1500px\"><\/div>\n\t<\/div><\/figure>\n\n<\/div><div class=\"bde-button-619-128 bde-button\">\n        \n    \n    \n    \n    \n            \n                    \n            \n            \n\n    \n    \n    \n    \n    \n    <a class=\"breakdance-link button-atom button-atom--custom bde-button__button\" href=\"https:\/\/www.infragate.ee\/en\/completed-works\/consultation-service\/\" target=\"_self\" data-type=\"url\"  >\n\n    \n        <span class=\"button-atom__text\">Consultation services<\/span>\n\n        \n        \n                <\/a>\n\n    \n\n\n<\/div>\n<\/div><\/div><\/div>\n<\/section>","protected":false},"excerpt":{"rendered":"<p>Design of buildings Infrastructure design Expertise Owner supervision Consultancy<\/p>","protected":false},"author":2,"featured_media":0,"parent":0,"menu_order":0,"comment_status":"closed","ping_status":"closed","template":"","meta":{"_acf_changed":false,"_breakdance_hide_in_design_set":false,"_breakdance_tags":"","footnotes":""},"class_list":["post-619","page","type-page","status-publish","hentry"],"acf":[],"yoast_head":"<!-- This site is optimized with the Yoast SEO plugin v27.4 - https:\/\/yoast.com\/product\/yoast-seo-wordpress\/ -->\n<title>Tehtud t\u00f6\u00f6d - AS Infragate Eesti<\/title>\n<meta name=\"robots\" content=\"index, follow, max-snippet:-1, max-image-preview:large, max-video-preview:-1\" \/>\n<link rel=\"canonical\" href=\"https:\/\/www.infragate.ee\/en\/completed-works\/\" \/>\n<meta property=\"og:locale\" content=\"en_US\" \/>\n<meta property=\"og:type\" content=\"article\" \/>\n<meta property=\"og:title\" content=\"Tehtud t\u00f6\u00f6d - AS Infragate Eesti\" \/>\n<meta property=\"og:description\" content=\"Hoonete projekteerimine Infrastruktuuri projekteerimine Ekspertiis Omanikuj\u00e4relevalve Konsultatsioon\" \/>\n<meta property=\"og:url\" content=\"https:\/\/www.infragate.ee\/en\/completed-works\/\" \/>\n<meta property=\"og:site_name\" content=\"AS Infragate Eesti\" \/>\n<meta property=\"article:modified_time\" content=\"2025-10-20T11:55:26+00:00\" \/>\n<meta name=\"twitter:card\" content=\"summary_large_image\" \/>\n<script type=\"application\/ld+json\" class=\"yoast-schema-graph\">{\"@context\":\"https:\\\/\\\/schema.org\",\"@graph\":[{\"@type\":\"WebPage\",\"@id\":\"https:\\\/\\\/www.infragate.ee\\\/tehtud-tood\\\/\",\"url\":\"https:\\\/\\\/www.infragate.ee\\\/tehtud-tood\\\/\",\"name\":\"Tehtud t\u00f6\u00f6d - AS Infragate Eesti\",\"isPartOf\":{\"@id\":\"https:\\\/\\\/www.infragate.ee\\\/en\\\/#website\"},\"datePublished\":\"2024-07-03T05:41:43+00:00\",\"dateModified\":\"2025-10-20T11:55:26+00:00\",\"breadcrumb\":{\"@id\":\"https:\\\/\\\/www.infragate.ee\\\/tehtud-tood\\\/#breadcrumb\"},\"inLanguage\":\"en-US\",\"potentialAction\":[{\"@type\":\"ReadAction\",\"target\":[\"https:\\\/\\\/www.infragate.ee\\\/tehtud-tood\\\/\"]}]},{\"@type\":\"BreadcrumbList\",\"@id\":\"https:\\\/\\\/www.infragate.ee\\\/tehtud-tood\\\/#breadcrumb\",\"itemListElement\":[{\"@type\":\"ListItem\",\"position\":1,\"name\":\"Avaleht\",\"item\":\"https:\\\/\\\/www.infragate.ee\\\/\"},{\"@type\":\"ListItem\",\"position\":2,\"name\":\"Tehtud t\u00f6\u00f6d\"}]},{\"@type\":\"WebSite\",\"@id\":\"https:\\\/\\\/www.infragate.ee\\\/en\\\/#website\",\"url\":\"https:\\\/\\\/www.infragate.ee\\\/en\\\/\",\"name\":\"AS Infragate Eesti\",\"description\":\"Terviklik konsultatsiooni- ja inseneriteenus\",\"potentialAction\":[{\"@type\":\"SearchAction\",\"target\":{\"@type\":\"EntryPoint\",\"urlTemplate\":\"https:\\\/\\\/www.infragate.ee\\\/en\\\/?s={search_term_string}\"},\"query-input\":{\"@type\":\"PropertyValueSpecification\",\"valueRequired\":true,\"valueName\":\"search_term_string\"}}],\"inLanguage\":\"en-US\"}]}<\/script>\n<!-- \/ Yoast SEO plugin. -->","yoast_head_json":{"title":"Completed works - AS Infragate Eesti","robots":{"index":"index","follow":"follow","max-snippet":"max-snippet:-1","max-image-preview":"max-image-preview:large","max-video-preview":"max-video-preview:-1"},"canonical":"https:\/\/www.infragate.ee\/en\/completed-works\/","og_locale":"en_US","og_type":"article","og_title":"Tehtud t\u00f6\u00f6d - AS Infragate Eesti","og_description":"Hoonete projekteerimine Infrastruktuuri projekteerimine Ekspertiis Omanikuj\u00e4relevalve Konsultatsioon","og_url":"https:\/\/www.infragate.ee\/en\/completed-works\/","og_site_name":"AS Infragate Eesti","article_modified_time":"2025-10-20T11:55:26+00:00","twitter_card":"summary_large_image","schema":{"@context":"https:\/\/schema.org","@graph":[{"@type":"WebPage","@id":"https:\/\/www.infragate.ee\/tehtud-tood\/","url":"https:\/\/www.infragate.ee\/tehtud-tood\/","name":"Completed works - AS Infragate Eesti","isPartOf":{"@id":"https:\/\/www.infragate.ee\/en\/#website"},"datePublished":"2024-07-03T05:41:43+00:00","dateModified":"2025-10-20T11:55:26+00:00","breadcrumb":{"@id":"https:\/\/www.infragate.ee\/tehtud-tood\/#breadcrumb"},"inLanguage":"en-US","potentialAction":[{"@type":"ReadAction","target":["https:\/\/www.infragate.ee\/tehtud-tood\/"]}]},{"@type":"BreadcrumbList","@id":"https:\/\/www.infragate.ee\/tehtud-tood\/#breadcrumb","itemListElement":[{"@type":"ListItem","position":1,"name":"Avaleht","item":"https:\/\/www.infragate.ee\/"},{"@type":"ListItem","position":2,"name":"Tehtud t\u00f6\u00f6d"}]},{"@type":"WebSite","@id":"https:\/\/www.infragate.ee\/en\/#website","url":"https:\/\/www.infragate.ee\/en\/","name":"AS Infragate Eesti","description":"Comprehensive consultancy and engineering services","potentialAction":[{"@type":"SearchAction","target":{"@type":"EntryPoint","urlTemplate":"https:\/\/www.infragate.ee\/en\/?s={search_term_string}"},"query-input":{"@type":"PropertyValueSpecification","valueRequired":true,"valueName":"search_term_string"}}],"inLanguage":"en-US"}]}},"_links":{"self":[{"href":"https:\/\/www.infragate.ee\/en\/wp-json\/wp\/v2\/pages\/619","targetHints":{"allow":["GET"]}}],"collection":[{"href":"https:\/\/www.infragate.ee\/en\/wp-json\/wp\/v2\/pages"}],"about":[{"href":"https:\/\/www.infragate.ee\/en\/wp-json\/wp\/v2\/types\/page"}],"author":[{"embeddable":true,"href":"https:\/\/www.infragate.ee\/en\/wp-json\/wp\/v2\/users\/2"}],"replies":[{"embeddable":true,"href":"https:\/\/www.infragate.ee\/en\/wp-json\/wp\/v2\/comments?post=619"}],"version-history":[{"count":14,"href":"https:\/\/www.infragate.ee\/en\/wp-json\/wp\/v2\/pages\/619\/revisions"}],"predecessor-version":[{"id":2042,"href":"https:\/\/www.infragate.ee\/en\/wp-json\/wp\/v2\/pages\/619\/revisions\/2042"}],"wp:attachment":[{"href":"https:\/\/www.infragate.ee\/en\/wp-json\/wp\/v2\/media?parent=619"}],"curies":[{"name":"wp","href":"https:\/\/api.w.org\/{rel}","templated":true}]}}