{"id":656,"date":"2024-07-03T11:33:19","date_gmt":"2024-07-03T11:33:19","guid":{"rendered":"https:\/\/infragate.ee\/?page_id=656"},"modified":"2026-03-05T08:13:41","modified_gmt":"2026-03-05T08:13:41","slug":"join-us","status":"publish","type":"page","link":"https:\/\/www.infragate.ee\/en\/liitu-meiega\/","title":{"rendered":"Join us"},"content":{"rendered":"<section class=\"bde-section-656-100 bde-section\">\n  \n  \n\t\n\n\n\n<div class=\"section-container\"><div class=\"bde-columns-656-101 bde-columns\"><div class=\"bde-column-656-102 bde-column\">\n  \n  \n\t\n\n\n\n<h2 class=\"bde-heading-656-104 bde-heading\">\nCome to work\n<\/h2>\n<\/div><\/div><div class=\"bde-columns-656-105 bde-columns\"><div class=\"bde-column-656-106 bde-column\">\n  \n  \n\t\n\n\n\n<div class=\"bde-code-block-656-152 bde-code-block\">\n\n  \n\n\n\n<\/div>\n<\/div><\/div><\/div>\n<\/section><section class=\"bde-section-656-120 bde-section\">\n  \n  \n\t\n\n\n\n<div class=\"section-container\"><div class=\"bde-columns-656-121 bde-columns\"><div class=\"bde-column-656-122 bde-column\">\n  \n  \n\t\n\n\n\n<h2 class=\"bde-heading-656-123 bde-heading\">\nWhy do people come and stay at Infragate?\n<\/h2>\n<\/div><\/div><div class=\"bde-columns-656-124 bde-columns\"><div class=\"bde-column-656-125 bde-column\">\n  \n  \n\t\n\n\n\n<div class=\"bde-icon-list-656-129 bde-icon-list\">\n<ul>\n  \n              \n    <li>\n              <div class='bde-icon-list__item-wrapper'>\n      \n      <span class='bde-icon-list__icon' aria-hidden='true'>\n        <svg xmlns=\"http:\/\/www.w3.org\/2000\/svg\" viewbox=\"0 0 512 512\"><!-- Font Awesome Free 5.15.1 by @fontawesome - https:\/\/fontawesome.com License - https:\/\/fontawesome.com\/license\/free (Icons: CC BY 4.0, Fonts: SIL OFL 1.1, Code: MIT License) --><path d=\"M173.898 439.404l-166.4-166.4c-9.997-9.997-9.997-26.206 0-36.204l36.203-36.204c9.997-9.998 26.207-9.998 36.204 0L192 312.69 432.095 72.596c9.997-9.997 26.207-9.997 36.204 0l36.203 36.204c9.997 9.997 9.997 26.206 0 36.204l-294.4 294.401c-9.998 9.997-26.207 9.997-36.204-.001z\"\/><\/svg>\n      <\/span>\n      <span class='bde-icon-list__text' >\n      AS Infragate Eesti \u2013 a stable, reliable, and worthy employer with a rich history\n      <\/span>\n              <\/div>\n      \n    <\/li>\n\n  \n              \n    <li>\n              <div class='bde-icon-list__item-wrapper'>\n      \n      <span class='bde-icon-list__icon' aria-hidden='true'>\n        <svg xmlns=\"http:\/\/www.w3.org\/2000\/svg\" viewbox=\"0 0 512 512\"><!-- Font Awesome Free 5.15.1 by @fontawesome - https:\/\/fontawesome.com License - https:\/\/fontawesome.com\/license\/free (Icons: CC BY 4.0, Fonts: SIL OFL 1.1, Code: MIT License) --><path d=\"M173.898 439.404l-166.4-166.4c-9.997-9.997-9.997-26.206 0-36.204l36.203-36.204c9.997-9.998 26.207-9.998 36.204 0L192 312.69 432.095 72.596c9.997-9.997 26.207-9.997 36.204 0l36.203 36.204c9.997 9.997 9.997 26.206 0 36.204l-294.4 294.401c-9.998 9.997-26.207 9.997-36.204-.001z\"\/><\/svg>\n      <\/span>\n      <span class='bde-icon-list__text' >\n      A smooth and supportive onboarding program with a mentor\n      <\/span>\n              <\/div>\n      \n    <\/li>\n\n  \n              \n    <li>\n              <div class='bde-icon-list__item-wrapper'>\n      \n      <span class='bde-icon-list__icon' aria-hidden='true'>\n        <svg xmlns=\"http:\/\/www.w3.org\/2000\/svg\" viewbox=\"0 0 512 512\"><!-- Font Awesome Free 5.15.1 by @fontawesome - https:\/\/fontawesome.com License - https:\/\/fontawesome.com\/license\/free (Icons: CC BY 4.0, Fonts: SIL OFL 1.1, Code: MIT License) --><path d=\"M173.898 439.404l-166.4-166.4c-9.997-9.997-9.997-26.206 0-36.204l36.203-36.204c9.997-9.998 26.207-9.998 36.204 0L192 312.69 432.095 72.596c9.997-9.997 26.207-9.997 36.204 0l36.203 36.204c9.997 9.997 9.997 26.206 0 36.204l-294.4 294.401c-9.998 9.997-26.207 9.997-36.204-.001z\"\/><\/svg>\n      <\/span>\n      <span class='bde-icon-list__text' >\n      A loyal team\n      <\/span>\n              <\/div>\n      \n    <\/li>\n\n  \n              \n    <li>\n              <div class='bde-icon-list__item-wrapper'>\n      \n      <span class='bde-icon-list__icon' aria-hidden='true'>\n        <svg xmlns=\"http:\/\/www.w3.org\/2000\/svg\" viewbox=\"0 0 512 512\"><!-- Font Awesome Free 5.15.1 by @fontawesome - https:\/\/fontawesome.com License - https:\/\/fontawesome.com\/license\/free (Icons: CC BY 4.0, Fonts: SIL OFL 1.1, Code: MIT License) --><path d=\"M173.898 439.404l-166.4-166.4c-9.997-9.997-9.997-26.206 0-36.204l36.203-36.204c9.997-9.998 26.207-9.998 36.204 0L192 312.69 432.095 72.596c9.997-9.997 26.207-9.997 36.204 0l36.203 36.204c9.997 9.997 9.997 26.206 0 36.204l-294.4 294.401c-9.998 9.997-26.207 9.997-36.204-.001z\"\/><\/svg>\n      <\/span>\n      <span class='bde-icon-list__text' >\n      Challenging projects\n      <\/span>\n              <\/div>\n      \n    <\/li>\n\n  \n              \n    <li>\n              <div class='bde-icon-list__item-wrapper'>\n      \n      <span class='bde-icon-list__icon' aria-hidden='true'>\n        <svg xmlns=\"http:\/\/www.w3.org\/2000\/svg\" viewbox=\"0 0 512 512\"><!-- Font Awesome Free 5.15.1 by @fontawesome - https:\/\/fontawesome.com License - https:\/\/fontawesome.com\/license\/free (Icons: CC BY 4.0, Fonts: SIL OFL 1.1, Code: MIT License) --><path d=\"M173.898 439.404l-166.4-166.4c-9.997-9.997-9.997-26.206 0-36.204l36.203-36.204c9.997-9.998 26.207-9.998 36.204 0L192 312.69 432.095 72.596c9.997-9.997 26.207-9.997 36.204 0l36.203 36.204c9.997 9.997 9.997 26.206 0 36.204l-294.4 294.401c-9.998 9.997-26.207 9.997-36.204-.001z\"\/><\/svg>\n      <\/span>\n      <span class='bde-icon-list__text' >\n      A functioning motivation system\n      <\/span>\n              <\/div>\n      \n    <\/li>\n\n  \n              \n    <li>\n              <div class='bde-icon-list__item-wrapper'>\n      \n      <span class='bde-icon-list__icon' aria-hidden='true'>\n        <svg xmlns=\"http:\/\/www.w3.org\/2000\/svg\" viewbox=\"0 0 512 512\"><!-- Font Awesome Free 5.15.1 by @fontawesome - https:\/\/fontawesome.com License - https:\/\/fontawesome.com\/license\/free (Icons: CC BY 4.0, Fonts: SIL OFL 1.1, Code: MIT License) --><path d=\"M173.898 439.404l-166.4-166.4c-9.997-9.997-9.997-26.206 0-36.204l36.203-36.204c9.997-9.998 26.207-9.998 36.204 0L192 312.69 432.095 72.596c9.997-9.997 26.207-9.997 36.204 0l36.203 36.204c9.997 9.997 9.997 26.206 0 36.204l-294.4 294.401c-9.998 9.997-26.207 9.997-36.204-.001z\"\/><\/svg>\n      <\/span>\n      <span class='bde-icon-list__text' >\n      Support in applying for professional certificates\n      <\/span>\n              <\/div>\n      \n    <\/li>\n\n  \n              \n    <li>\n              <div class='bde-icon-list__item-wrapper'>\n      \n      <span class='bde-icon-list__icon' aria-hidden='true'>\n        <svg xmlns=\"http:\/\/www.w3.org\/2000\/svg\" viewbox=\"0 0 512 512\"><!-- Font Awesome Free 5.15.1 by @fontawesome - https:\/\/fontawesome.com License - https:\/\/fontawesome.com\/license\/free (Icons: CC BY 4.0, Fonts: SIL OFL 1.1, Code: MIT License) --><path d=\"M173.898 439.404l-166.4-166.4c-9.997-9.997-9.997-26.206 0-36.204l36.203-36.204c9.997-9.998 26.207-9.998 36.204 0L192 312.69 432.095 72.596c9.997-9.997 26.207-9.997 36.204 0l36.203 36.204c9.997 9.997 9.997 26.206 0 36.204l-294.4 294.401c-9.998 9.997-26.207 9.997-36.204-.001z\"\/><\/svg>\n      <\/span>\n      <span class='bde-icon-list__text' >\n      Exciting joint events both in Estonia and across the border\n      <\/span>\n              <\/div>\n      \n    <\/li>\n\n  \n              \n    <li>\n              <div class='bde-icon-list__item-wrapper'>\n      \n      <span class='bde-icon-list__icon' aria-hidden='true'>\n        <svg xmlns=\"http:\/\/www.w3.org\/2000\/svg\" viewbox=\"0 0 512 512\"><!-- Font Awesome Free 5.15.1 by @fontawesome - https:\/\/fontawesome.com License - https:\/\/fontawesome.com\/license\/free (Icons: CC BY 4.0, Fonts: SIL OFL 1.1, Code: MIT License) --><path d=\"M173.898 439.404l-166.4-166.4c-9.997-9.997-9.997-26.206 0-36.204l36.203-36.204c9.997-9.998 26.207-9.998 36.204 0L192 312.69 432.095 72.596c9.997-9.997 26.207-9.997 36.204 0l36.203 36.204c9.997 9.997 9.997 26.206 0 36.204l-294.4 294.401c-9.998 9.997-26.207 9.997-36.204-.001z\"\/><\/svg>\n      <\/span>\n      <span class='bde-icon-list__text' >\n      Sports allowance or employer's health insurance\n      <\/span>\n              <\/div>\n      \n    <\/li>\n\n  <\/ul>\n\n<\/div>\n<\/div><div class=\"bde-column-656-127 bde-column\">\n  \n  \n\t\n\n\n\n<div class=\"bde-image-656-128 bde-image\">\n<figure class=\"breakdance-image breakdance-image--838\">\n\t<div class=\"breakdance-image-container\">\n\t\t<div class=\"breakdance-image-clip\"><img loading=\"lazy\" decoding=\"async\" class=\"breakdance-image-object\" src=\"https:\/\/www.infragate.ee\/wp-content\/uploads\/2024\/07\/Karuselli.jpg\" width=\"2048\" height=\"1365\" srcset=\"https:\/\/www.infragate.ee\/wp-content\/uploads\/2024\/07\/Karuselli.jpg 2048w, https:\/\/www.infragate.ee\/wp-content\/uploads\/2024\/07\/Karuselli-300x200.jpg 300w, https:\/\/www.infragate.ee\/wp-content\/uploads\/2024\/07\/Karuselli-1024x683.jpg 1024w, https:\/\/www.infragate.ee\/wp-content\/uploads\/2024\/07\/Karuselli-768x512.jpg 768w, https:\/\/www.infragate.ee\/wp-content\/uploads\/2024\/07\/Karuselli-1536x1024.jpg 1536w\" sizes=\"auto, (max-width: 2048px) 100vw, 2048px\"><\/div>\n\t<\/div><\/figure>\n\n<\/div>\n<\/div><\/div><\/div>\n<\/section><section class=\"bde-section-656-130 bde-section\">\n  \n  \n\t\n\n\n\n<div class=\"section-container\"><div class=\"bde-columns-656-131 bde-columns\"><div class=\"bde-column-656-132 bde-column\">\n  \n  \n\t\n\n\n\n<h2 class=\"bde-heading-656-134 bde-heading\">\nCome to an Internship\n<\/h2><div class=\"bde-rich-text-656-135 bde-rich-text breakdance-rich-text-styles\">\n<p>Are you a 4th year student or a recent engineering graduate?<\/p><p>You want to challenge yourself by looking for an exciting and challenging career in practice<\/p><ul><li>in the field of infrastructure design<\/li><li>in the field of building design<\/li><li>in the field of owner supervision<\/li><li>in the field of construction and environmental consulting projects<\/li><\/ul>\n<\/div>\n<\/div><\/div><div class=\"bde-columns-656-136 bde-columns\"><div class=\"bde-column-656-137 bde-column\">\n  \n  \n\t\n\n\n\n<h4 class=\"bde-heading-656-139 bde-heading\">\nDirection of design\n<\/h4><div class=\"bde-rich-text-656-140 bde-rich-text breakdance-rich-text-styles\">\n<ul><li>Development of a basic system solution<\/li><li>Cooperation with the designers of other parts<\/li><li>Performing accurate calculations<\/li><li>Designing solutions using model design software<\/li><\/ul>\n<\/div>\n<\/div><div class=\"bde-column-656-145 bde-column\">\n  \n  \n\t\n\n\n\n<h4 class=\"bde-heading-656-146 bde-heading\">\nDirection of owner supervision\n<\/h4><div class=\"bde-rich-text-656-147 bde-rich-text breakdance-rich-text-styles\">\n<ul><li>Participation in the supervision of construction activities as a member of the owner supervision team<\/li><li>Control of design documentation and basic solutions prepared by the designer<\/li><li>Control of post-project construction activities<\/li><\/ul>\n<\/div>\n<\/div><\/div><\/div>\n<\/section><section class=\"bde-section-656-154 bde-section\">\n  \n  \n\t\n\n\n\n<div class=\"section-container\"><div class=\"bde-columns-656-148 bde-columns\"><div class=\"bde-column-656-149 bde-column\">\n  \n  \n\t\n\n\n\n<div class=\"bde-rich-text-656-151 bde-rich-text breakdance-rich-text-styles\">\n<p>Together with your fresh knowledge and our long-term experience, we can offer high-quality design, owner supervision, and consultation services. Work with us and develop yourself professionally!<\/p>\n<\/div>\n<\/div><\/div><\/div>\n<\/section>","protected":false},"excerpt":{"rendered":"<p>Tule t\u00f6\u00f6le Miks Infragate&#8217;i tullakse ja j\u00e4\u00e4dakse? AS Infragate Eesti \u2013 stabiilne, kindel ja v\u00e4\u00e4rika ajalooga t\u00f6\u00f6andja Sujuv ja toetav sisseelamisprogramm koos mentoriga Kokkuhoidev meeskond V\u00e4ljakutseid pakkuvad projektid Toimiv motivatsioonis\u00fcsteem Toetus kutsetunnistuste taotlemisel Elamusterohked \u00fchis\u00fcritused nii Eestis kui piiri taga Sporditoetus v\u00f5i t\u00f6\u00f6andja tervisekindlustus Tule praktikale Oled 4. kursusel \u00f5ppiv tudeng v\u00f5i just l\u00f5petanud insener?Soovid [&hellip;]<\/p>\n","protected":false},"author":2,"featured_media":0,"parent":0,"menu_order":0,"comment_status":"closed","ping_status":"closed","template":"","meta":{"_acf_changed":false,"_breakdance_hide_in_design_set":false,"_breakdance_tags":"","footnotes":""},"class_list":["post-656","page","type-page","status-publish","hentry"],"acf":[],"yoast_head":"<!-- This site is optimized with the Yoast SEO plugin v27.6 - https:\/\/yoast.com\/product\/yoast-seo-wordpress\/ -->\n<title>Liitu meiega - AS Infragate Eesti<\/title>\n<meta name=\"robots\" content=\"index, follow, max-snippet:-1, max-image-preview:large, max-video-preview:-1\" \/>\n<link rel=\"canonical\" href=\"https:\/\/www.infragate.ee\/en\/join-us\/\" \/>\n<meta property=\"og:locale\" content=\"en_US\" \/>\n<meta property=\"og:type\" content=\"article\" \/>\n<meta property=\"og:title\" content=\"Liitu meiega - AS Infragate Eesti\" \/>\n<meta property=\"og:description\" content=\"Tule t\u00f6\u00f6le Miks Infragate&#039;i tullakse ja j\u00e4\u00e4dakse? AS Infragate Eesti \u2013 stabiilne, kindel ja v\u00e4\u00e4rika ajalooga t\u00f6\u00f6andja Sujuv ja toetav sisseelamisprogramm koos mentoriga Kokkuhoidev meeskond V\u00e4ljakutseid pakkuvad projektid Toimiv motivatsioonis\u00fcsteem Toetus kutsetunnistuste taotlemisel Elamusterohked \u00fchis\u00fcritused nii Eestis kui piiri taga Sporditoetus v\u00f5i t\u00f6\u00f6andja tervisekindlustus Tule praktikale Oled 4. kursusel \u00f5ppiv tudeng v\u00f5i just l\u00f5petanud insener?Soovid [&hellip;]\" \/>\n<meta property=\"og:url\" content=\"https:\/\/www.infragate.ee\/en\/join-us\/\" \/>\n<meta property=\"og:site_name\" content=\"AS Infragate Eesti\" \/>\n<meta property=\"article:modified_time\" content=\"2026-03-05T08:13:41+00:00\" \/>\n<meta name=\"twitter:card\" content=\"summary_large_image\" \/>\n<script type=\"application\/ld+json\" class=\"yoast-schema-graph\">{\"@context\":\"https:\\\/\\\/schema.org\",\"@graph\":[{\"@type\":\"WebPage\",\"@id\":\"https:\\\/\\\/www.infragate.ee\\\/liitu-meiega\\\/\",\"url\":\"https:\\\/\\\/www.infragate.ee\\\/liitu-meiega\\\/\",\"name\":\"Liitu meiega - AS Infragate Eesti\",\"isPartOf\":{\"@id\":\"https:\\\/\\\/www.infragate.ee\\\/en\\\/#website\"},\"datePublished\":\"2024-07-03T11:33:19+00:00\",\"dateModified\":\"2026-03-05T08:13:41+00:00\",\"breadcrumb\":{\"@id\":\"https:\\\/\\\/www.infragate.ee\\\/liitu-meiega\\\/#breadcrumb\"},\"inLanguage\":\"en-US\",\"potentialAction\":[{\"@type\":\"ReadAction\",\"target\":[\"https:\\\/\\\/www.infragate.ee\\\/liitu-meiega\\\/\"]}]},{\"@type\":\"BreadcrumbList\",\"@id\":\"https:\\\/\\\/www.infragate.ee\\\/liitu-meiega\\\/#breadcrumb\",\"itemListElement\":[{\"@type\":\"ListItem\",\"position\":1,\"name\":\"Avaleht\",\"item\":\"https:\\\/\\\/www.infragate.ee\\\/\"},{\"@type\":\"ListItem\",\"position\":2,\"name\":\"Liitu meiega\"}]},{\"@type\":\"WebSite\",\"@id\":\"https:\\\/\\\/www.infragate.ee\\\/en\\\/#website\",\"url\":\"https:\\\/\\\/www.infragate.ee\\\/en\\\/\",\"name\":\"AS Infragate Eesti\",\"description\":\"Terviklik konsultatsiooni- ja inseneriteenus\",\"potentialAction\":[{\"@type\":\"SearchAction\",\"target\":{\"@type\":\"EntryPoint\",\"urlTemplate\":\"https:\\\/\\\/www.infragate.ee\\\/en\\\/?s={search_term_string}\"},\"query-input\":{\"@type\":\"PropertyValueSpecification\",\"valueRequired\":true,\"valueName\":\"search_term_string\"}}],\"inLanguage\":\"en-US\"}]}<\/script>\n<!-- \/ Yoast SEO plugin. -->","yoast_head_json":{"title":"Join us - AS Infragate Estonia","robots":{"index":"index","follow":"follow","max-snippet":"max-snippet:-1","max-image-preview":"max-image-preview:large","max-video-preview":"max-video-preview:-1"},"canonical":"https:\/\/www.infragate.ee\/en\/join-us\/","og_locale":"en_US","og_type":"article","og_title":"Liitu meiega - AS Infragate Eesti","og_description":"Tule t\u00f6\u00f6le Miks Infragate'i tullakse ja j\u00e4\u00e4dakse? AS Infragate Eesti \u2013 stabiilne, kindel ja v\u00e4\u00e4rika ajalooga t\u00f6\u00f6andja Sujuv ja toetav sisseelamisprogramm koos mentoriga Kokkuhoidev meeskond V\u00e4ljakutseid pakkuvad projektid Toimiv motivatsioonis\u00fcsteem Toetus kutsetunnistuste taotlemisel Elamusterohked \u00fchis\u00fcritused nii Eestis kui piiri taga Sporditoetus v\u00f5i t\u00f6\u00f6andja tervisekindlustus Tule praktikale Oled 4. kursusel \u00f5ppiv tudeng v\u00f5i just l\u00f5petanud insener?Soovid [&hellip;]","og_url":"https:\/\/www.infragate.ee\/en\/join-us\/","og_site_name":"AS Infragate Eesti","article_modified_time":"2026-03-05T08:13:41+00:00","twitter_card":"summary_large_image","schema":{"@context":"https:\/\/schema.org","@graph":[{"@type":"WebPage","@id":"https:\/\/www.infragate.ee\/liitu-meiega\/","url":"https:\/\/www.infragate.ee\/liitu-meiega\/","name":"Join us - AS Infragate Estonia","isPartOf":{"@id":"https:\/\/www.infragate.ee\/en\/#website"},"datePublished":"2024-07-03T11:33:19+00:00","dateModified":"2026-03-05T08:13:41+00:00","breadcrumb":{"@id":"https:\/\/www.infragate.ee\/liitu-meiega\/#breadcrumb"},"inLanguage":"en-US","potentialAction":[{"@type":"ReadAction","target":["https:\/\/www.infragate.ee\/liitu-meiega\/"]}]},{"@type":"BreadcrumbList","@id":"https:\/\/www.infragate.ee\/liitu-meiega\/#breadcrumb","itemListElement":[{"@type":"ListItem","position":1,"name":"Avaleht","item":"https:\/\/www.infragate.ee\/"},{"@type":"ListItem","position":2,"name":"Liitu meiega"}]},{"@type":"WebSite","@id":"https:\/\/www.infragate.ee\/en\/#website","url":"https:\/\/www.infragate.ee\/en\/","name":"AS Infragate Eesti","description":"Comprehensive consultancy and engineering services","potentialAction":[{"@type":"SearchAction","target":{"@type":"EntryPoint","urlTemplate":"https:\/\/www.infragate.ee\/en\/?s={search_term_string}"},"query-input":{"@type":"PropertyValueSpecification","valueRequired":true,"valueName":"search_term_string"}}],"inLanguage":"en-US"}]}},"_links":{"self":[{"href":"https:\/\/www.infragate.ee\/en\/wp-json\/wp\/v2\/pages\/656","targetHints":{"allow":["GET"]}}],"collection":[{"href":"https:\/\/www.infragate.ee\/en\/wp-json\/wp\/v2\/pages"}],"about":[{"href":"https:\/\/www.infragate.ee\/en\/wp-json\/wp\/v2\/types\/page"}],"author":[{"embeddable":true,"href":"https:\/\/www.infragate.ee\/en\/wp-json\/wp\/v2\/users\/2"}],"replies":[{"embeddable":true,"href":"https:\/\/www.infragate.ee\/en\/wp-json\/wp\/v2\/comments?post=656"}],"version-history":[{"count":40,"href":"https:\/\/www.infragate.ee\/en\/wp-json\/wp\/v2\/pages\/656\/revisions"}],"predecessor-version":[{"id":2103,"href":"https:\/\/www.infragate.ee\/en\/wp-json\/wp\/v2\/pages\/656\/revisions\/2103"}],"wp:attachment":[{"href":"https:\/\/www.infragate.ee\/en\/wp-json\/wp\/v2\/media?parent=656"}],"curies":[{"name":"wp","href":"https:\/\/api.w.org\/{rel}","templated":true}]}}